{"id":44,"date":"2024-01-02T19:51:24","date_gmt":"2024-01-02T18:51:24","guid":{"rendered":"https:\/\/alvarosalvador.com\/?page_id=44"},"modified":"2024-01-02T19:55:45","modified_gmt":"2024-01-02T18:55:45","slug":"teatro","status":"publish","type":"page","link":"https:\/\/alvarosalvador.com\/index.php\/teatro\/","title":{"rendered":"Teatro"},"content":{"rendered":"\n<h2 class=\"wp-block-heading\"><strong>El d\u00eda en que mataron a Lennon<\/strong><\/h2>\n\n\n<div class=\"wp-block-image\">\n<figure class=\"aligncenter size-full\"><img loading=\"lazy\" decoding=\"async\" width=\"151\" height=\"250\" src=\"http:\/\/alvarosalvador.com\/wp-content\/uploads\/2024\/01\/teatrolennon.jpg\" alt=\"\" class=\"wp-image-27\"\/><\/figure><\/div>\n\n\n<p>Ayuntamiento de Castell\u00f3n<br>Biblioteca Ciudad de Castell\u00f3n, 1997<\/p>\n\n\n\n<h2 class=\"wp-block-heading\"><strong>Fernando de C\u00f3rdoba y V\u00e1lor, Ab\u00e9n Humeya<\/strong><\/h2>\n\n\n<div class=\"wp-block-image\">\n<figure class=\"aligncenter size-full\"><img loading=\"lazy\" decoding=\"async\" width=\"163\" height=\"248\" src=\"http:\/\/alvarosalvador.com\/wp-content\/uploads\/2024\/01\/teatrohumeya.jpg\" alt=\"\" class=\"wp-image-26\"\/><\/figure><\/div>\n\n\n<p>Ayuntamiento de Sevilla<br>Colecci\u00f3n Olavide, 1983<\/p>\n","protected":false},"excerpt":{"rendered":"<p>El d\u00eda en que mataron a Lennon Ayuntamiento de Castell\u00f3nBiblioteca Ciudad de Castell\u00f3n, 1997 Fernando de C\u00f3rdoba y V\u00e1lor, Ab\u00e9n Humeya Ayuntamiento de SevillaColecci\u00f3n Olavide, 1983<\/p>\n","protected":false},"author":1,"featured_media":0,"parent":0,"menu_order":0,"comment_status":"closed","ping_status":"closed","template":"","meta":{"footnotes":""},"class_list":["post-44","page","type-page","status-publish","hentry"],"_links":{"self":[{"href":"https:\/\/alvarosalvador.com\/index.php\/wp-json\/wp\/v2\/pages\/44","targetHints":{"allow":["GET"]}}],"collection":[{"href":"https:\/\/alvarosalvador.com\/index.php\/wp-json\/wp\/v2\/pages"}],"about":[{"href":"https:\/\/alvarosalvador.com\/index.php\/wp-json\/wp\/v2\/types\/page"}],"author":[{"embeddable":true,"href":"https:\/\/alvarosalvador.com\/index.php\/wp-json\/wp\/v2\/users\/1"}],"replies":[{"embeddable":true,"href":"https:\/\/alvarosalvador.com\/index.php\/wp-json\/wp\/v2\/comments?post=44"}],"version-history":[{"count":2,"href":"https:\/\/alvarosalvador.com\/index.php\/wp-json\/wp\/v2\/pages\/44\/revisions"}],"predecessor-version":[{"id":54,"href":"https:\/\/alvarosalvador.com\/index.php\/wp-json\/wp\/v2\/pages\/44\/revisions\/54"}],"wp:attachment":[{"href":"https:\/\/alvarosalvador.com\/index.php\/wp-json\/wp\/v2\/media?parent=44"}],"curies":[{"name":"wp","href":"https:\/\/api.w.org\/{rel}","templated":true}]}}