{"id":2,"date":"2024-01-02T19:08:06","date_gmt":"2024-01-02T18:08:06","guid":{"rendered":"http:\/\/alvarosalvador.com\/?page_id=2"},"modified":"2024-01-02T19:23:51","modified_gmt":"2024-01-02T18:23:51","slug":"pagina-ejemplo","status":"publish","type":"page","link":"https:\/\/alvarosalvador.com\/index.php\/pagina-ejemplo\/","title":{"rendered":"Acerca de"},"content":{"rendered":"<div class=\"wp-block-image\">\n<figure class=\"aligncenter size-full\"><img loading=\"lazy\" decoding=\"async\" width=\"388\" height=\"230\" src=\"https:\/\/alvarosalvador.com\/wp-content\/uploads\/2024\/01\/fotobntraje.jpg\" alt=\"\" class=\"wp-image-11\" srcset=\"https:\/\/alvarosalvador.com\/wp-content\/uploads\/2024\/01\/fotobntraje.jpg 388w, https:\/\/alvarosalvador.com\/wp-content\/uploads\/2024\/01\/fotobntraje-300x178.jpg 300w\" sizes=\"auto, (max-width: 388px) 85vw, 388px\" \/><\/figure><\/div>\n\n\n<p>\u00c1lvaro Salvador naci\u00f3 en Granada en 1950, ciudad en la que actualmente trabaja como catedr\u00e1tico de Literatura Hispanoamericana. Ha publicado nueve libros de poemas entre los que podemos destacar \u00abLas Cortezas del Fruto\u00bb (Madrid,l980), \u00abTristia\u00bb (En colaboraci\u00f3n con Luis Garc\u00eda Montero, Melilla,1982) \u00abEl agua de noviembre\u00bb (Granada, l985), \u00abLa condici\u00f3n del personaje\u00bb (Granada, l991), \u00abEl Impostor\u00bb (Palma de Mallorca, 1996), \u00abAhora, todav\u00eda\u00bb (Sevilla, 2001) y el volumen antol\u00f3gico \u00abSuena una m\u00fasica\u00bb ( Valencia, Pre-Textos, 1996).Su poes\u00eda ha sido incluida en numerosas antolog\u00edas y traducida a varios idiomas. Form\u00f3 parte del consejo de redacci\u00f3n de revistas como Tragaluz, Letras del Sur, Olvidos de Granada y La F\u00e1brica del Sur. Su obra de teatro Don Fernando de C\u00f3rdoba y V\u00e1lor, Ab\u00e9n Humeya, fue galardonada en l980 con el premio \u00abCiudad de Granada\u00bb y en 1981 con el \u00abHermanos Machado\u00bb de Sevilla.En 1983 estren\u00f3 en Granada el espect\u00e1culo Para\u00edso Cerrado, basado en la vida y obra del poeta Luis Cernuda y en 1996 obtuvo el premio internacional de teatro \u00abCastell\u00f3n a Escena\u00bb por su obra El d\u00eda en que mataron a Lennon, estrenada al a\u00f1o siguiente.<\/p>\n\n\n\n<p>Ha publicado tambi\u00e9n varios libros de cr\u00edtica literaria como los titulados Para una lectura de Nicanor Parra (Sevilla, 1975), Rub\u00e9n Dar\u00edo y la moral est\u00e9tica (Granada,1986), Introducci\u00f3n al estudio de la literatura hispanoamericana (en colaboraci\u00f3n con Juan Carlos Rodr\u00edguez, Madrid, 1987 y 1994) y distintas ediciones de la obra de Rub\u00e9n Dar\u00edo o de poes\u00eda espa\u00f1ola e hispanoamericana contempor\u00e1nea, as\u00ed como numerosos art\u00edculos en revistas especializadas nacionales e internacionales. Tambi\u00e9n es autor de una Gu\u00eda literaria de la ciudad de Granada publicada en 1997 y del libro Granada 1900, editado el mismo a\u00f1o. Su primera novela es \u00abUn hombre suave\u00bb ( Madrid, Akal,2000).<\/p>\n\n\n\n<p>En el 2002 le ha sido concedido el Premio Casa de las Am\u00e9ricas de Ensayo por su trabajo \u00abEl impuro amor de las ciudades\u00bb.<\/p>\n","protected":false},"excerpt":{"rendered":"<p>\u00c1lvaro Salvador naci\u00f3 en Granada en 1950, ciudad en la que actualmente trabaja como catedr\u00e1tico de Literatura Hispanoamericana. Ha publicado nueve libros de poemas entre los que podemos destacar \u00abLas Cortezas del Fruto\u00bb (Madrid,l980), \u00abTristia\u00bb (En colaboraci\u00f3n con Luis Garc\u00eda Montero, Melilla,1982) \u00abEl agua de noviembre\u00bb (Granada, l985), \u00abLa condici\u00f3n del personaje\u00bb (Granada, l991), \u00abEl &hellip; <a href=\"https:\/\/alvarosalvador.com\/index.php\/pagina-ejemplo\/\" class=\"more-link\">Continuar leyendo<span class=\"screen-reader-text\"> \u00abAcerca de\u00bb<\/span><\/a><\/p>\n","protected":false},"author":1,"featured_media":0,"parent":0,"menu_order":0,"comment_status":"closed","ping_status":"open","template":"","meta":{"footnotes":""},"class_list":["post-2","page","type-page","status-publish","hentry"],"_links":{"self":[{"href":"https:\/\/alvarosalvador.com\/index.php\/wp-json\/wp\/v2\/pages\/2","targetHints":{"allow":["GET"]}}],"collection":[{"href":"https:\/\/alvarosalvador.com\/index.php\/wp-json\/wp\/v2\/pages"}],"about":[{"href":"https:\/\/alvarosalvador.com\/index.php\/wp-json\/wp\/v2\/types\/page"}],"author":[{"embeddable":true,"href":"https:\/\/alvarosalvador.com\/index.php\/wp-json\/wp\/v2\/users\/1"}],"replies":[{"embeddable":true,"href":"https:\/\/alvarosalvador.com\/index.php\/wp-json\/wp\/v2\/comments?post=2"}],"version-history":[{"count":1,"href":"https:\/\/alvarosalvador.com\/index.php\/wp-json\/wp\/v2\/pages\/2\/revisions"}],"predecessor-version":[{"id":12,"href":"https:\/\/alvarosalvador.com\/index.php\/wp-json\/wp\/v2\/pages\/2\/revisions\/12"}],"wp:attachment":[{"href":"https:\/\/alvarosalvador.com\/index.php\/wp-json\/wp\/v2\/media?parent=2"}],"curies":[{"name":"wp","href":"https:\/\/api.w.org\/{rel}","templated":true}]}}